{"id":59,"date":"2024-12-18T14:55:18","date_gmt":"2024-12-18T13:55:18","guid":{"rendered":"https:\/\/bacasabledesvases.fr\/annedebieuvreconseil\/?page_id=59"},"modified":"2025-01-30T10:50:47","modified_gmt":"2025-01-30T09:50:47","slug":"portrait","status":"publish","type":"page","link":"https:\/\/bacasabledesvases.fr\/annedebieuvreconseil\/portrait\/","title":{"rendered":"PORTRAIT"},"content":{"rendered":"<p>[et_pb_section fb_built=\u00a0\u00bb1&Prime; fullwidth=\u00a0\u00bbon\u00a0\u00bb _builder_version=\u00a0\u00bb4.21.0&Prime; _module_preset=\u00a0\u00bbdefault\u00a0\u00bb custom_padding=\u00a0\u00bb0px||0px||true|false\u00a0\u00bb top_divider_color=\u00a0\u00bb#44545E\u00a0\u00bb top_divider_height=\u00a0\u00bb19px\u00a0\u00bb global_colors_info=\u00a0\u00bb{}\u00a0\u00bb][et_pb_fullwidth_slider show_arrows=\u00a0\u00bboff\u00a0\u00bb show_pagination=\u00a0\u00bboff\u00a0\u00bb _builder_version=\u00a0\u00bb4.21.0&Prime; _module_preset=\u00a0\u00bbdefault\u00a0\u00bb custom_margin=\u00a0\u00bb||-28px|||\u00a0\u00bb global_colors_info=\u00a0\u00bb{}\u00a0\u00bb][et_pb_slide heading=\u00a0\u00bbPortrait\u00a0\u00bb use_text_overlay=\u00a0\u00bbon\u00a0\u00bb text_overlay_color=\u00a0\u00bbrgba(235,197,188,0.2)\u00a0\u00bb text_border_radius=\u00a0\u00bb18px\u00a0\u00bb _builder_version=\u00a0\u00bb4.21.0&Prime; _module_preset=\u00a0\u00bbdefault\u00a0\u00bb background_image=\u00a0\u00bbhttps:\/\/bacasabledesvases.fr\/annedebieuvreconseil\/wp-content\/uploads\/2025\/01\/terrains-dorpaillage-cas.jpg\u00a0\u00bb background_enable_image=\u00a0\u00bbon\u00a0\u00bb global_colors_info=\u00a0\u00bb{}\u00a0\u00bb sticky_transition=\u00a0\u00bbon\u00a0\u00bb][\/et_pb_slide][\/et_pb_fullwidth_slider][\/et_pb_section][et_pb_section fb_built=\u00a0\u00bb1&Prime; _builder_version=\u00a0\u00bb4.21.0&Prime; _module_preset=\u00a0\u00bbdefault\u00a0\u00bb custom_margin=\u00a0\u00bb0px||0px||false|false\u00a0\u00bb custom_padding=\u00a0\u00bb0px||0px||true|false\u00a0\u00bb global_colors_info=\u00a0\u00bb{}\u00a0\u00bb][et_pb_row column_structure=\u00a0\u00bb1_2,1_2&Prime; make_equal=\u00a0\u00bbon\u00a0\u00bb _builder_version=\u00a0\u00bb4.21.0&Prime; _module_preset=\u00a0\u00bbdefault\u00a0\u00bb background_color=\u00a0\u00bb#FFFFFF\u00a0\u00bb width=\u00a0\u00bb100%\u00a0\u00bb max_width=\u00a0\u00bb2560px\u00a0\u00bb custom_margin=\u00a0\u00bb||||false|false\u00a0\u00bb custom_padding=\u00a0\u00bb0px||0px|0px|false|false\u00a0\u00bb custom_css_main_element=\u00a0\u00bbalign-items:center;||\u00a0\u00bb global_colors_info=\u00a0\u00bb{}\u00a0\u00bb][et_pb_column type=\u00a0\u00bb1_2&Prime; _builder_version=\u00a0\u00bb4.21.0&Prime; _module_preset=\u00a0\u00bbdefault\u00a0\u00bb global_colors_info=\u00a0\u00bb{}\u00a0\u00bb][et_pb_image src=\u00a0\u00bbhttps:\/\/bacasabledesvases.fr\/annedebieuvreconseil\/wp-content\/uploads\/2024\/12\/portrait-d-anne-debieuvre.jpg\u00a0\u00bb alt=\u00a0\u00bbPortrait d&rsquo;Anne Debieuvre\u00a0\u00bb title_text=\u00a0\u00bbportrait-d-anne-debieuvre\u00a0\u00bb _builder_version=\u00a0\u00bb4.21.0&Prime; _module_preset=\u00a0\u00bbdefault\u00a0\u00bb background_size=\u00a0\u00bbstretch\u00a0\u00bb width=\u00a0\u00bb103%\u00a0\u00bb custom_margin=\u00a0\u00bb|-22px||0px|false|false\u00a0\u00bb custom_padding=\u00a0\u00bb||||false|false\u00a0\u00bb global_colors_info=\u00a0\u00bb{}\u00a0\u00bb][\/et_pb_image][\/et_pb_column][et_pb_column type=\u00a0\u00bb1_2&Prime; _builder_version=\u00a0\u00bb4.21.0&Prime; _module_preset=\u00a0\u00bbdefault\u00a0\u00bb global_colors_info=\u00a0\u00bb{}\u00a0\u00bb][et_pb_text _builder_version=\u00a0\u00bb4.21.0&Prime; _module_preset=\u00a0\u00bbdefault\u00a0\u00bb custom_margin=\u00a0\u00bb||||false|false\u00a0\u00bb custom_padding=\u00a0\u00bb30px|20px|||false|false\u00a0\u00bb custom_padding_tablet=\u00a0\u00bb30px|20px|||false|false\u00a0\u00bb custom_padding_phone=\u00a0\u00bb0px|10px||10px|false|false\u00a0\u00bb custom_padding_last_edited=\u00a0\u00bbon|phone\u00a0\u00bb global_colors_info=\u00a0\u00bb{}\u00a0\u00bb]<\/p>\n<h2 style=\"text-align: left;\"><span style=\"color: rgba(168, 71, 37, 0.99);\">Anne Debieuvre<\/span><em><br \/><\/em><\/h2>\n<p>Petite biographie<\/p>\n<p style=\"text-align: justify;\">Petite-fille d&rsquo;un ardoisier, fille d&rsquo;un m\u00e9decin ardennais, les \u00eatres humains ont toujours \u00e9t\u00e9 pour moi un sujet fascinant. C&rsquo;est pourtant le droit qui me happe dans un premier temps. En licence, je d\u00e9couvre le droit social et persiste dans cette mati\u00e8re jusqu&rsquo;au DEA.<\/p>\n<p style=\"text-align: justify;\">Que faire&#8230; apr\u00e8s ? Une amie passionn\u00e9e par son sujet m&rsquo;ouvre au mondes des ressources humaines. Eur\u00e9ka ! Je d\u00e9croche un master de Ressources Humaines.<\/p>\n<p style=\"text-align: justify;\">Mon premier poste me permet de valoriser mon expertise en droit social : je suis directrice des affaires sociales au Cr\u00e9dit Municipal. J&rsquo;irai ensuite vers les RH o\u00f9 je me sp\u00e9cialise dans le recrutement. Mais la focale sur le seul march\u00e9 des mat\u00e9riaux de construction me frustre.<\/p>\n<p style=\"text-align: justify;\">Je d\u00e9cide alors de me tourner vers la \u00ab\u00a0chasse de t\u00eates\u00a0\u00bb. Clients et pairs disent que j&rsquo;excelle dans ce domaine et que je suis dou\u00e9e pour \u00ab marier \u00bb les gens.<\/p>\n<p style=\"text-align: justify;\">De recrutements en recrutements &#8211; je n&rsquo;aime pas beaucoup l&rsquo;expression de \u00ab\u00a0chasse de t\u00eates\u00a0\u00bb -, je mesure la responsabilit\u00e9 qui m&rsquo;incombe et l\u2019impact imm\u00e9diat et visible qu&rsquo;un travail pertinent et approfondi a sur une PME familiale.<\/p>\n<p style=\"text-align: justify;\"><span aria-hidden=\"true\">Aujourd&rsquo;hui, j&rsquo;ai plus de 30 ans d&rsquo;exp\u00e9rience dans le domaine du recrutement, dont huit \u00e0 la t\u00eate de cabinets dans lesquels j&rsquo;ai exp\u00e9riment\u00e9 la fonction de directrice g\u00e9n\u00e9rale. Je continue \u00e0 accompagner les PME et ETI familiales dans leur croissance en identifiant des talents visionnaires et strat\u00e9giques. <\/span><span aria-hidden=\"true\"><\/span><\/p>\n<p>[\/et_pb_text][\/et_pb_column][\/et_pb_row][\/et_pb_section][et_pb_section fb_built=\u00a0\u00bb1&Prime; _builder_version=\u00a0\u00bb4.21.0&Prime; _module_preset=\u00a0\u00bbdefault\u00a0\u00bb custom_padding=\u00a0\u00bb0px||0px||false|false\u00a0\u00bb global_colors_info=\u00a0\u00bb{}\u00a0\u00bb][et_pb_row column_structure=\u00a0\u00bb1_2,1_2&Prime; use_custom_gutter=\u00a0\u00bbon\u00a0\u00bb gutter_width=\u00a0\u00bb1&Prime; make_equal=\u00a0\u00bbon\u00a0\u00bb _builder_version=\u00a0\u00bb4.21.0&Prime; _module_preset=\u00a0\u00bbdefault\u00a0\u00bb background_color=\u00a0\u00bb#FFFFFF\u00a0\u00bb width=\u00a0\u00bb100%\u00a0\u00bb max_width=\u00a0\u00bb2560px\u00a0\u00bb custom_margin=\u00a0\u00bb||||false|false\u00a0\u00bb custom_padding=\u00a0\u00bb0px||0px||true|false\u00a0\u00bb custom_css_main_element=\u00a0\u00bbalign-items:center;\u00a0\u00bb global_colors_info=\u00a0\u00bb{}\u00a0\u00bb][et_pb_column type=\u00a0\u00bb1_2&Prime; _builder_version=\u00a0\u00bb4.21.0&Prime; _module_preset=\u00a0\u00bbdefault\u00a0\u00bb global_colors_info=\u00a0\u00bb{}\u00a0\u00bb][et_pb_text _builder_version=\u00a0\u00bb4.21.0&Prime; _module_preset=\u00a0\u00bbdefault\u00a0\u00bb header_text_color=\u00a0\u00bb#CA5428&Prime; header_2_text_color=\u00a0\u00bb#CA5428&Prime; header_2_font_size=\u00a0\u00bb28px\u00a0\u00bb custom_margin=\u00a0\u00bb||||false|false\u00a0\u00bb custom_padding=\u00a0\u00bb20px|20px|20px|20px|false|false\u00a0\u00bb global_colors_info=\u00a0\u00bb{}\u00a0\u00bb]<\/p>\n<h2>Pourquoi je fais ce m\u00e9tier<\/h2>\n<p style=\"text-align: justify;\">J&rsquo;adore marier les gens, professionnellement s&rsquo;entend. Un mariage est un appariement de longue dur\u00e9e ce dont pr\u00e9cis\u00e9ment les PME ont besoin. Je me suis prise au jeu quand j&rsquo;ai d\u00e9couvert l&rsquo;impact d&rsquo;un recrutement r\u00e9ussi dans une entreprise \u00e0 capital familial&#8230; cet impact est imm\u00e9diat et visible.<\/p>\n<p style=\"text-align: justify;\">Je suis infiniment curieuse (comme l&rsquo;enfant d&rsquo;\u00e9l\u00e9phant de Rudyard Kipling). Curieuse des entreprises qui me confient leurs recrutements, curieuses des candidats de leurs parcours, de leurs comp\u00e9tences et des paradigmes qu&rsquo;ils portent.<\/p>\n<p style=\"text-align: justify;\">C&rsquo;est un m\u00e9tier de libert\u00e9, libert\u00e9 d&rsquo;organiser son travail et son temps. C&rsquo;est un m\u00e9tier d&rsquo;artisan d&rsquo;art, donc.<\/p>\n<p style=\"text-align: justify;\">Trente ans de rencontres, de visages, d&rsquo;entretiens donnent une vraie profondeur \u00e0 mon travail et une pleine l\u00e9gitimit\u00e9 \u00e0 ma fonction de conseil.<\/p>\n<p>[\/et_pb_text][\/et_pb_column][et_pb_column type=\u00a0\u00bb1_2&Prime; _builder_version=\u00a0\u00bb4.21.0&Prime; _module_preset=\u00a0\u00bbdefault\u00a0\u00bb global_colors_info=\u00a0\u00bb{}\u00a0\u00bb][et_pb_text _builder_version=\u00a0\u00bb4.21.0&Prime; _module_preset=\u00a0\u00bbdefault\u00a0\u00bb text_text_color=\u00a0\u00bb#FFFFFF\u00a0\u00bb background_color=\u00a0\u00bb#D18E00&Prime; custom_margin=\u00a0\u00bb||||false|false\u00a0\u00bb custom_padding=\u00a0\u00bb30px|30px|30px|30px|false|false\u00a0\u00bb global_colors_info=\u00a0\u00bb{}\u00a0\u00bb]<\/p>\n<h3>Formation<\/h3>\n<blockquote>\n<p>DEA Droit Social, Paris I<\/p>\n<p>Cycle de formation en Direction du Personnel et Gestion Sociale, IGS<\/p>\n<p>Certification Coaching IFG<\/p>\n<\/blockquote>\n<h3>Enseignement<\/h3>\n<blockquote>\n<p>Enseignante \u00e0 Paris XIII, DUT GEA<br \/>\u00ab\u00a0Techniques de Valorisation des comp\u00e9tences\u00a0\u00bb,<br \/>\u00ab\u00a0Projet Professionnel personnalis\u00e9\u00a0\u00bb<br \/>\u00ab\u00a0Pratique des relations sociales dans l\u2019entreprise\u00a0\u00bb<\/p>\n<\/blockquote>\n<p>[\/et_pb_text][\/et_pb_column][\/et_pb_row][et_pb_row column_structure=\u00a0\u00bb1_2,1_2&Prime; use_custom_gutter=\u00a0\u00bbon\u00a0\u00bb gutter_width=\u00a0\u00bb1&Prime; make_equal=\u00a0\u00bbon\u00a0\u00bb _builder_version=\u00a0\u00bb4.21.0&Prime; _module_preset=\u00a0\u00bbdefault\u00a0\u00bb background_color=\u00a0\u00bb#FFFFFF\u00a0\u00bb width=\u00a0\u00bb100%\u00a0\u00bb max_width=\u00a0\u00bb2560px\u00a0\u00bb custom_margin=\u00a0\u00bb||||false|false\u00a0\u00bb custom_padding=\u00a0\u00bb0px||0px||true|false\u00a0\u00bb custom_css_main_element=\u00a0\u00bbalign-items:center;\u00a0\u00bb global_colors_info=\u00a0\u00bb{}\u00a0\u00bb][et_pb_column type=\u00a0\u00bb1_2&Prime; _builder_version=\u00a0\u00bb4.21.0&Prime; _module_preset=\u00a0\u00bbdefault\u00a0\u00bb global_colors_info=\u00a0\u00bb{}\u00a0\u00bb][et_pb_image src=\u00a0\u00bbhttps:\/\/bacasabledesvases.fr\/annedebieuvreconseil\/wp-content\/uploads\/2025\/01\/bougie-anne-debieuvre.jpg\u00a0\u00bb alt=\u00a0\u00bbInspiration d&rsquo;Anne Debieuvre : une bougie\u00a0\u00bb title_text=\u00a0\u00bbbougie-anne-debieuvre\u00a0\u00bb _builder_version=\u00a0\u00bb4.21.0&Prime; _module_preset=\u00a0\u00bbdefault\u00a0\u00bb global_colors_info=\u00a0\u00bb{}\u00a0\u00bb][\/et_pb_image][\/et_pb_column][et_pb_column type=\u00a0\u00bb1_2&Prime; _builder_version=\u00a0\u00bb4.21.0&Prime; _module_preset=\u00a0\u00bbdefault\u00a0\u00bb global_colors_info=\u00a0\u00bb{}\u00a0\u00bb][et_pb_text _builder_version=\u00a0\u00bb4.21.0&Prime; _module_preset=\u00a0\u00bbdefault\u00a0\u00bb header_text_color=\u00a0\u00bb#CA5428&Prime; header_2_text_color=\u00a0\u00bb#CA5428&Prime; custom_margin=\u00a0\u00bb||||false|false\u00a0\u00bb custom_padding=\u00a0\u00bb20px|20px|20px|20px|false|false\u00a0\u00bb hover_enabled=\u00a0\u00bb0&Prime; global_colors_info=\u00a0\u00bb{}\u00a0\u00bb sticky_enabled=\u00a0\u00bb0&Prime;]<\/p>\n<h2>Ce qui m&rsquo;inspire<\/h2>\n<p>&nbsp;<\/p>\n<p><em>\u00ab\u00a0Soyez vous. Les autres sont d\u00e9j\u00e0 pris.\u00a0\u00bb<\/em><\/p>\n<p style=\"text-align: right;\">Oscar Wilde<\/p>\n<p><em>\u00ab Jouez avec vos armes. Oubliez la perfection. Il y a une fissure en chaque chose, c\u2019est ainsi que la lumi\u00e8re peut entrer. \u00bb<\/em><\/p>\n<p style=\"text-align: right;\">Leonard Cohen <span style=\"text-decoration: underline;\">Anthem<\/span><\/p>\n<p>\u00ab<em>\u00a0Veille aux mots que tu emploies, par maladresse, dans ta col\u00e8re ou dans tes certitudes, ne sachant pas que tu ne sais pas. Ils pourraient tomber dans le c\u0153ur de quelqu\u2019un de pur, de plus pur que toi, qui les gardera en lui toute sa vie. Et c\u2019est lui qui devra les porter.\u00a0\u00bb<\/em><\/p>\n<p style=\"text-align: right;\">Romano Guardini<\/p>\n<p>&nbsp;<\/p>\n<p><em>\u00ab\u00a0Le succ\u00e8s d\u00e9pend de la valeur qu\u2019on s\u2019octroie\u00a0\u00bb.<\/em><\/p>\n<p style=\"text-align: right;\">Isabel Capeloa Gil<\/p>\n<p>&nbsp;<\/p>\n<section class=\"av_textblock_section av-pa990c-ed8ddceb40cbb257a7b91d7f0bf06644 \" itemscope=\"itemscope\" itemtype=\"https:\/\/schema.org\/CreativeWork\">\n<div class=\"avia_textblock\" itemprop=\"text\">\n<p>&nbsp;<\/p>\n<\/div>\n<\/section>\n<p>[\/et_pb_text][\/et_pb_column][\/et_pb_row][\/et_pb_section][et_pb_section fb_built=\u00a0\u00bb1&Prime; _builder_version=\u00a0\u00bb4.21.0&Prime; _module_preset=\u00a0\u00bbdefault\u00a0\u00bb global_colors_info=\u00a0\u00bb{}\u00a0\u00bb][et_pb_row _builder_version=\u00a0\u00bb4.21.0&Prime; _module_preset=\u00a0\u00bbdefault\u00a0\u00bb global_colors_info=\u00a0\u00bb{}\u00a0\u00bb][et_pb_column type=\u00a0\u00bb4_4&Prime; _builder_version=\u00a0\u00bb4.21.0&Prime; _module_preset=\u00a0\u00bbdefault\u00a0\u00bb global_colors_info=\u00a0\u00bb{}\u00a0\u00bb][et_pb_button button_url=\u00a0\u00bb@ET-DC@eyJkeW5hbWljIjp0cnVlLCJjb250ZW50IjoicG9zdF9saW5rX3VybF9wYWdlIiwic2V0dGluZ3MiOnsicG9zdF9pZCI6IjY0In19@\u00a0\u00bb button_text=\u00a0\u00bbTERRAINS D&rsquo;ORPAILLAGE\u00a0\u00bb button_alignment=\u00a0\u00bbcenter\u00a0\u00bb _builder_version=\u00a0\u00bb4.21.0&Prime; _dynamic_attributes=\u00a0\u00bbbutton_url\u00a0\u00bb _module_preset=\u00a0\u00bbdefault\u00a0\u00bb button_border_width=\u00a0\u00bb0px\u00a0\u00bb button_border_color=\u00a0\u00bb#11254F\u00a0\u00bb button_border_radius=\u00a0\u00bb18px\u00a0\u00bb button_font=\u00a0\u00bb|||on|||||\u00a0\u00bb button_icon=\u00a0\u00bb&#xf3a5;||fa||900&Prime; button_icon_color=\u00a0\u00bb#FFFFFF\u00a0\u00bb box_shadow_style=\u00a0\u00bbpreset2&Prime; global_colors_info=\u00a0\u00bb{}\u00a0\u00bb][\/et_pb_button][\/et_pb_column][\/et_pb_row][\/et_pb_section]<\/p>\n","protected":false},"excerpt":{"rendered":"<p>Anne Debieuvre Petite biographie Petite-fille d&rsquo;un ardoisier, fille d&rsquo;un m\u00e9decin ardennais, les \u00eatres humains ont toujours \u00e9t\u00e9 pour moi un sujet fascinant. C&rsquo;est pourtant le droit qui me happe dans un premier temps. En licence, je d\u00e9couvre le droit social et persiste dans cette mati\u00e8re jusqu&rsquo;au DEA. Que faire&#8230; apr\u00e8s ? Une amie passionn\u00e9e par [&hellip;]<\/p>\n","protected":false},"author":1,"featured_media":0,"parent":0,"menu_order":0,"comment_status":"closed","ping_status":"closed","template":"","meta":{"_et_pb_use_builder":"on","_et_pb_old_content":"","_et_gb_content_width":"","inline_featured_image":false,"footnotes":""},"class_list":["post-59","page","type-page","status-publish","hentry"],"yoast_head":"<!-- This site is optimized with the Yoast SEO plugin v24.3 - https:\/\/yoast.com\/wordpress\/plugins\/seo\/ -->\n<title>PORTRAIT - Anne Debieuvre conseil<\/title>\n<meta name=\"robots\" content=\"index, follow, max-snippet:-1, max-image-preview:large, max-video-preview:-1\" \/>\n<link rel=\"canonical\" href=\"https:\/\/bacasabledesvases.fr\/annedebieuvreconseil\/portrait\/\" \/>\n<meta property=\"og:locale\" content=\"fr_FR\" \/>\n<meta property=\"og:type\" content=\"article\" \/>\n<meta property=\"og:title\" content=\"PORTRAIT - Anne Debieuvre conseil\" \/>\n<meta property=\"og:description\" content=\"Anne Debieuvre Petite biographie Petite-fille d&#039;un ardoisier, fille d&#039;un m\u00e9decin ardennais, les \u00eatres humains ont toujours \u00e9t\u00e9 pour moi un sujet fascinant. C&#039;est pourtant le droit qui me happe dans un premier temps. En licence, je d\u00e9couvre le droit social et persiste dans cette mati\u00e8re jusqu&#039;au DEA. Que faire... apr\u00e8s ? Une amie passionn\u00e9e par [&hellip;]\" \/>\n<meta property=\"og:url\" content=\"https:\/\/bacasabledesvases.fr\/annedebieuvreconseil\/portrait\/\" \/>\n<meta property=\"og:site_name\" content=\"Anne Debieuvre conseil\" \/>\n<meta property=\"article:modified_time\" content=\"2025-01-30T09:50:47+00:00\" \/>\n<meta name=\"twitter:card\" content=\"summary_large_image\" \/>\n<meta name=\"twitter:label1\" content=\"Dur\u00e9e de lecture estim\u00e9e\" \/>\n\t<meta name=\"twitter:data1\" content=\"6 minutes\" \/>\n<script type=\"application\/ld+json\" class=\"yoast-schema-graph\">{\"@context\":\"https:\/\/schema.org\",\"@graph\":[{\"@type\":\"WebPage\",\"@id\":\"https:\/\/bacasabledesvases.fr\/annedebieuvreconseil\/portrait\/\",\"url\":\"https:\/\/bacasabledesvases.fr\/annedebieuvreconseil\/portrait\/\",\"name\":\"PORTRAIT - Anne Debieuvre conseil\",\"isPartOf\":{\"@id\":\"https:\/\/bacasabledesvases.fr\/annedebieuvreconseil\/#website\"},\"datePublished\":\"2024-12-18T13:55:18+00:00\",\"dateModified\":\"2025-01-30T09:50:47+00:00\",\"breadcrumb\":{\"@id\":\"https:\/\/bacasabledesvases.fr\/annedebieuvreconseil\/portrait\/#breadcrumb\"},\"inLanguage\":\"fr-FR\",\"potentialAction\":[{\"@type\":\"ReadAction\",\"target\":[\"https:\/\/bacasabledesvases.fr\/annedebieuvreconseil\/portrait\/\"]}]},{\"@type\":\"BreadcrumbList\",\"@id\":\"https:\/\/bacasabledesvases.fr\/annedebieuvreconseil\/portrait\/#breadcrumb\",\"itemListElement\":[{\"@type\":\"ListItem\",\"position\":1,\"name\":\"Accueil\",\"item\":\"https:\/\/bacasabledesvases.fr\/annedebieuvreconseil\/\"},{\"@type\":\"ListItem\",\"position\":2,\"name\":\"PORTRAIT\"}]},{\"@type\":\"WebSite\",\"@id\":\"https:\/\/bacasabledesvases.fr\/annedebieuvreconseil\/#website\",\"url\":\"https:\/\/bacasabledesvases.fr\/annedebieuvreconseil\/\",\"name\":\"Anne Debieuvre conseil, recrutement\",\"description\":\"Orpaillage de talents\",\"publisher\":{\"@id\":\"https:\/\/bacasabledesvases.fr\/annedebieuvreconseil\/#organization\"},\"potentialAction\":[{\"@type\":\"SearchAction\",\"target\":{\"@type\":\"EntryPoint\",\"urlTemplate\":\"https:\/\/bacasabledesvases.fr\/annedebieuvreconseil\/?s={search_term_string}\"},\"query-input\":{\"@type\":\"PropertyValueSpecification\",\"valueRequired\":true,\"valueName\":\"search_term_string\"}}],\"inLanguage\":\"fr-FR\"},{\"@type\":\"Organization\",\"@id\":\"https:\/\/bacasabledesvases.fr\/annedebieuvreconseil\/#organization\",\"name\":\"Anne Debieuvre conseil\",\"url\":\"https:\/\/bacasabledesvases.fr\/annedebieuvreconseil\/\",\"logo\":{\"@type\":\"ImageObject\",\"inLanguage\":\"fr-FR\",\"@id\":\"https:\/\/bacasabledesvases.fr\/annedebieuvreconseil\/#\/schema\/logo\/image\/\",\"url\":\"https:\/\/bacasabledesvases.fr\/annedebieuvreconseil\/wp-content\/uploads\/2025\/01\/logo-anne-debieuvre-2025.svg\",\"contentUrl\":\"https:\/\/bacasabledesvases.fr\/annedebieuvreconseil\/wp-content\/uploads\/2025\/01\/logo-anne-debieuvre-2025.svg\",\"width\":\"1024\",\"height\":\"1024\",\"caption\":\"Anne Debieuvre conseil\"},\"image\":{\"@id\":\"https:\/\/bacasabledesvases.fr\/annedebieuvreconseil\/#\/schema\/logo\/image\/\"},\"sameAs\":[\"https:\/\/www.linkedin.com\/in\/anne-debieuvre\/\"]}]}<\/script>\n<!-- \/ Yoast SEO plugin. -->","yoast_head_json":{"title":"PORTRAIT - Anne Debieuvre conseil","robots":{"index":"index","follow":"follow","max-snippet":"max-snippet:-1","max-image-preview":"max-image-preview:large","max-video-preview":"max-video-preview:-1"},"canonical":"https:\/\/bacasabledesvases.fr\/annedebieuvreconseil\/portrait\/","og_locale":"fr_FR","og_type":"article","og_title":"PORTRAIT - Anne Debieuvre conseil","og_description":"Anne Debieuvre Petite biographie Petite-fille d'un ardoisier, fille d'un m\u00e9decin ardennais, les \u00eatres humains ont toujours \u00e9t\u00e9 pour moi un sujet fascinant. C'est pourtant le droit qui me happe dans un premier temps. En licence, je d\u00e9couvre le droit social et persiste dans cette mati\u00e8re jusqu'au DEA. Que faire... apr\u00e8s ? Une amie passionn\u00e9e par [&hellip;]","og_url":"https:\/\/bacasabledesvases.fr\/annedebieuvreconseil\/portrait\/","og_site_name":"Anne Debieuvre conseil","article_modified_time":"2025-01-30T09:50:47+00:00","twitter_card":"summary_large_image","twitter_misc":{"Dur\u00e9e de lecture estim\u00e9e":"6 minutes"},"schema":{"@context":"https:\/\/schema.org","@graph":[{"@type":"WebPage","@id":"https:\/\/bacasabledesvases.fr\/annedebieuvreconseil\/portrait\/","url":"https:\/\/bacasabledesvases.fr\/annedebieuvreconseil\/portrait\/","name":"PORTRAIT - Anne Debieuvre conseil","isPartOf":{"@id":"https:\/\/bacasabledesvases.fr\/annedebieuvreconseil\/#website"},"datePublished":"2024-12-18T13:55:18+00:00","dateModified":"2025-01-30T09:50:47+00:00","breadcrumb":{"@id":"https:\/\/bacasabledesvases.fr\/annedebieuvreconseil\/portrait\/#breadcrumb"},"inLanguage":"fr-FR","potentialAction":[{"@type":"ReadAction","target":["https:\/\/bacasabledesvases.fr\/annedebieuvreconseil\/portrait\/"]}]},{"@type":"BreadcrumbList","@id":"https:\/\/bacasabledesvases.fr\/annedebieuvreconseil\/portrait\/#breadcrumb","itemListElement":[{"@type":"ListItem","position":1,"name":"Accueil","item":"https:\/\/bacasabledesvases.fr\/annedebieuvreconseil\/"},{"@type":"ListItem","position":2,"name":"PORTRAIT"}]},{"@type":"WebSite","@id":"https:\/\/bacasabledesvases.fr\/annedebieuvreconseil\/#website","url":"https:\/\/bacasabledesvases.fr\/annedebieuvreconseil\/","name":"Anne Debieuvre conseil, recrutement","description":"Orpaillage de talents","publisher":{"@id":"https:\/\/bacasabledesvases.fr\/annedebieuvreconseil\/#organization"},"potentialAction":[{"@type":"SearchAction","target":{"@type":"EntryPoint","urlTemplate":"https:\/\/bacasabledesvases.fr\/annedebieuvreconseil\/?s={search_term_string}"},"query-input":{"@type":"PropertyValueSpecification","valueRequired":true,"valueName":"search_term_string"}}],"inLanguage":"fr-FR"},{"@type":"Organization","@id":"https:\/\/bacasabledesvases.fr\/annedebieuvreconseil\/#organization","name":"Anne Debieuvre conseil","url":"https:\/\/bacasabledesvases.fr\/annedebieuvreconseil\/","logo":{"@type":"ImageObject","inLanguage":"fr-FR","@id":"https:\/\/bacasabledesvases.fr\/annedebieuvreconseil\/#\/schema\/logo\/image\/","url":"https:\/\/bacasabledesvases.fr\/annedebieuvreconseil\/wp-content\/uploads\/2025\/01\/logo-anne-debieuvre-2025.svg","contentUrl":"https:\/\/bacasabledesvases.fr\/annedebieuvreconseil\/wp-content\/uploads\/2025\/01\/logo-anne-debieuvre-2025.svg","width":"1024","height":"1024","caption":"Anne Debieuvre conseil"},"image":{"@id":"https:\/\/bacasabledesvases.fr\/annedebieuvreconseil\/#\/schema\/logo\/image\/"},"sameAs":["https:\/\/www.linkedin.com\/in\/anne-debieuvre\/"]}]}},"_links":{"self":[{"href":"https:\/\/bacasabledesvases.fr\/annedebieuvreconseil\/wp-json\/wp\/v2\/pages\/59","targetHints":{"allow":["GET"]}}],"collection":[{"href":"https:\/\/bacasabledesvases.fr\/annedebieuvreconseil\/wp-json\/wp\/v2\/pages"}],"about":[{"href":"https:\/\/bacasabledesvases.fr\/annedebieuvreconseil\/wp-json\/wp\/v2\/types\/page"}],"author":[{"embeddable":true,"href":"https:\/\/bacasabledesvases.fr\/annedebieuvreconseil\/wp-json\/wp\/v2\/users\/1"}],"replies":[{"embeddable":true,"href":"https:\/\/bacasabledesvases.fr\/annedebieuvreconseil\/wp-json\/wp\/v2\/comments?post=59"}],"version-history":[{"count":34,"href":"https:\/\/bacasabledesvases.fr\/annedebieuvreconseil\/wp-json\/wp\/v2\/pages\/59\/revisions"}],"predecessor-version":[{"id":662,"href":"https:\/\/bacasabledesvases.fr\/annedebieuvreconseil\/wp-json\/wp\/v2\/pages\/59\/revisions\/662"}],"wp:attachment":[{"href":"https:\/\/bacasabledesvases.fr\/annedebieuvreconseil\/wp-json\/wp\/v2\/media?parent=59"}],"curies":[{"name":"wp","href":"https:\/\/api.w.org\/{rel}","templated":true}]}}